{"id":2,"date":"2022-08-29T17:16:56","date_gmt":"2022-08-29T17:16:56","guid":{"rendered":"https:\/\/www.collegejeanlurcat.com\/site\/?page_id=2"},"modified":"2023-02-08T07:47:36","modified_gmt":"2023-02-08T07:47:36","slug":"sample-page","status":"publish","type":"page","link":"https:\/\/www.collegejeanlurcat.com\/site\/sample-page\/","title":{"rendered":"CDI"},"content":{"rendered":"\n<p>Le Centre de Documentation et d&rsquo;Information du coll\u00e8ge est un lieu ou \u00e9l\u00e8ves et personnels peuvent trouver des ressources mat\u00e9rielles et num\u00e9riques.<\/p>\n\n\n\n<p>En suivant <a href=\"http:\/\/www.collegejeanlurcat.com\/pmb7\/opac_css\/index.php\" data-type=\"URL\" data-id=\"http:\/\/www.collegejeanlurcat.com\/pmb7\/opac_css\/index.php\" target=\"_blank\" rel=\"noreferrer noopener\">ce lien<\/a><a href=\"http:\/\/www.collegejeanlurcat.com\/pmb7\/opac_css\/index.php\" data-type=\"URL\" data-id=\"http:\/\/www.collegejeanlurcat.com\/pmb7\/opac_css\/index.php\">,<\/a> vous arriverez sur le catalogue en ligne du CDI, o\u00f9 sont pr\u00e9sent\u00e9es ces ressources.<\/p>\n\n\n\n<p>Il est aussi un lieu de d\u00e9tente par la lecture. De nombreux romans, bandes dessin\u00e9es, livres de contes, albums, documentaires, magazines, &#8230; sont \u00e0 la disposition de tous pour une consultation sur place, ou pour emprunter. <\/p>\n\n\n\n<h2 class=\"wp-block-heading\">Le coin des jeux<\/h2>\n\n\n\n<p>Voici une s\u00e9lection de jeux et autres ressources ludiques pour apprendre en s&rsquo;amusant: <a rel=\"noreferrer noopener\" href=\"https:\/\/start.me\/p\/vjLXAB\/le-coin-des-jeux\" data-type=\"URL\" data-id=\"https:\/\/start.me\/p\/vjLXAB\/le-coin-des-jeux\" target=\"_blank\">le coin des jeux<\/a>.<\/p>\n\n\n\n<h2 class=\"wp-block-heading\">Le CDI fait son cin\u00e9ma<\/h2>\n\n\n\n<p>Une s\u00e9lection de DVD est disponible \u00e0 la consultation sur place au CDI pour une s\u00e9ance de cin\u00e9ma priv\u00e9e, en solo ou en duo. Visionnage sur un lecteur portable d\u00e9di\u00e9 avec casques, de fa\u00e7on \u00e0 vous isoler du reste du monde. Sur r\u00e9servation aupr\u00e8s des professeures documentalistes. <\/p>\n\n\n\n<p>Ces DVD peuvent \u00e9galement \u00eatre utilis\u00e9s en classe par les enseignants.<\/p>\n\n\n\n<p>La s\u00e9lection des titres est bas\u00e9e sur le programme de coll\u00e8ge au cin\u00e9ma, dispositif auquel participe notre coll\u00e8ge depuis plusieurs ann\u00e9es, ainsi que sur proposition des enseignants en fonction des programmes scolaires.<\/p>\n\n\n\n<p>Pour d\u00e9couvrir cette s\u00e9lection, suivez <a href=\"http:\/\/www.collegejeanlurcat.com\/pmb7\/opac_css\/index.php?lvl=etagere_see&amp;id=16%20title=\" target=\"_blank\" rel=\"noreferrer noopener\">ce lien<\/a><\/p>\n\n\n\n<h2 class=\"wp-block-heading\">Classement des documentaires<\/h2>\n\n\n\n<p>Pour retrouver un livre documentaire, voici le tableau de classification dans notre CDI<\/p>\n\n\n\n<figure class=\"wp-block-image size-full\"><img loading=\"lazy\" decoding=\"async\" width=\"969\" height=\"606\" src=\"https:\/\/www.collegejeanlurcat.com\/site\/wp-content\/uploads\/2022\/12\/Tableau-classification-Dewey.png\" alt=\"\" class=\"wp-image-363\" srcset=\"https:\/\/www.collegejeanlurcat.com\/site\/wp-content\/uploads\/2022\/12\/Tableau-classification-Dewey.png 969w, https:\/\/www.collegejeanlurcat.com\/site\/wp-content\/uploads\/2022\/12\/Tableau-classification-Dewey-300x188.png 300w, https:\/\/www.collegejeanlurcat.com\/site\/wp-content\/uploads\/2022\/12\/Tableau-classification-Dewey-768x480.png 768w\" sizes=\"auto, (max-width: 969px) 100vw, 969px\" \/><\/figure>\n\n\n\n<h2 class=\"wp-block-heading\">Bilan 2022-2023<\/h2>\n\n\n\n<figure class=\"wp-block-image size-large\"><a href=\"https:\/\/www.canva.com\/design\/DAFODiBV53g\/Z1ysDD7h9IBN7wGxhfLvtQ\/view?utm_content=DAFODiBV53g&amp;utm_campaign=designshare&amp;utm_medium=link&amp;utm_source=publishpresent\"><img loading=\"lazy\" decoding=\"async\" width=\"724\" height=\"1024\" src=\"https:\/\/www.collegejeanlurcat.com\/site\/wp-content\/uploads\/2022\/10\/Bilan-2021-2022-CDI-du-college-Jean-Lurcat-724x1024.png\" alt=\"\" class=\"wp-image-176\" srcset=\"https:\/\/www.collegejeanlurcat.com\/site\/wp-content\/uploads\/2022\/10\/Bilan-2021-2022-CDI-du-college-Jean-Lurcat-724x1024.png 724w, https:\/\/www.collegejeanlurcat.com\/site\/wp-content\/uploads\/2022\/10\/Bilan-2021-2022-CDI-du-college-Jean-Lurcat-212x300.png 212w, https:\/\/www.collegejeanlurcat.com\/site\/wp-content\/uploads\/2022\/10\/Bilan-2021-2022-CDI-du-college-Jean-Lurcat-768x1086.png 768w, https:\/\/www.collegejeanlurcat.com\/site\/wp-content\/uploads\/2022\/10\/Bilan-2021-2022-CDI-du-college-Jean-Lurcat-1086x1536.png 1086w, https:\/\/www.collegejeanlurcat.com\/site\/wp-content\/uploads\/2022\/10\/Bilan-2021-2022-CDI-du-college-Jean-Lurcat.png 1414w\" sizes=\"auto, (max-width: 724px) 100vw, 724px\" \/><\/a><\/figure>\n","protected":false},"excerpt":{"rendered":"<p>Le Centre de Documentation et d&rsquo;Information du coll\u00e8ge est un lieu ou \u00e9l\u00e8ves et personnels peuvent trouver des ressources mat\u00e9rielles et num\u00e9riques. En suivant ce lien, vous arriverez sur le catalogue en ligne du CDI, o\u00f9 sont pr\u00e9sent\u00e9es ces ressources. Il est aussi un lieu de d\u00e9tente par la lecture. De nombreux romans, bandes dessin\u00e9es, [&hellip;]<\/p>\n","protected":false},"author":1,"featured_media":0,"parent":0,"menu_order":0,"comment_status":"closed","ping_status":"closed","template":"","meta":{"footnotes":""},"class_list":["post-2","page","type-page","status-publish","hentry"],"_links":{"self":[{"href":"https:\/\/www.collegejeanlurcat.com\/site\/wp-json\/wp\/v2\/pages\/2","targetHints":{"allow":["GET"]}}],"collection":[{"href":"https:\/\/www.collegejeanlurcat.com\/site\/wp-json\/wp\/v2\/pages"}],"about":[{"href":"https:\/\/www.collegejeanlurcat.com\/site\/wp-json\/wp\/v2\/types\/page"}],"author":[{"embeddable":true,"href":"https:\/\/www.collegejeanlurcat.com\/site\/wp-json\/wp\/v2\/users\/1"}],"replies":[{"embeddable":true,"href":"https:\/\/www.collegejeanlurcat.com\/site\/wp-json\/wp\/v2\/comments?post=2"}],"version-history":[{"count":9,"href":"https:\/\/www.collegejeanlurcat.com\/site\/wp-json\/wp\/v2\/pages\/2\/revisions"}],"predecessor-version":[{"id":427,"href":"https:\/\/www.collegejeanlurcat.com\/site\/wp-json\/wp\/v2\/pages\/2\/revisions\/427"}],"wp:attachment":[{"href":"https:\/\/www.collegejeanlurcat.com\/site\/wp-json\/wp\/v2\/media?parent=2"}],"curies":[{"name":"wp","href":"https:\/\/api.w.org\/{rel}","templated":true}]}}