{"id":659,"date":"2023-09-06T10:11:07","date_gmt":"2023-09-06T10:11:07","guid":{"rendered":"https:\/\/www.collegejeanlurcat.com\/site\/?page_id=659"},"modified":"2023-09-06T10:11:46","modified_gmt":"2023-09-06T10:11:46","slug":"des-ressources-en-dehors-du-college","status":"publish","type":"page","link":"https:\/\/www.collegejeanlurcat.com\/site\/sample-page\/des-ressources-en-dehors-du-college\/","title":{"rendered":"Des ressources en dehors du coll\u00e8ge"},"content":{"rendered":"\n<h3 class=\"wp-block-heading\">Th\u00e9\u00e2tre Romain-Rolland<\/h3>\n\n\n\n<p>A la fois th\u00e9\u00e2tre et cin\u00e9ma, le TRR est un lieu incontournable \u00e0 Villejuif. Cliquez sur l&rsquo;image pour d\u00e9couvrir la programmation et les infos pratiques:<\/p>\n\n\n\n<figure class=\"wp-block-image size-large\"><a href=\"https:\/\/trr.fr\/\" target=\"_blank\" rel=\"noreferrer noopener\"><img decoding=\"async\" src=\"https:\/\/trr.fr\/wp-content\/uploads\/2021\/06\/villejuif-photohautsiegesbd-1368x510.jpg\" alt=\"\" title=\"source: site du th\u00e9\u00e2tre Rommain-Rolland de Villejuif\"\/><\/a><\/figure>\n\n\n\n<h3 class=\"wp-block-heading\">La m\u00e9diath\u00e8que Elsa-Triolet<\/h3>\n\n\n\n<p>Ouverte tous les jours, sauf le lundi et le dimanche, elle propose de nombreuses animations et ateliers, parfois m\u00eame des spectacles. Chacun peut y emprunter gratuitement des livres, bien s\u00fbr, mais aussi avoir des acc\u00e8s internet de l&rsquo;aide pour les devoirs, etc. <\/p>\n\n\n\n<figure class=\"wp-block-image size-large\"><a href=\"https:\/\/mediatheque.villejuif.fr\/Default\/accueil-ermes.aspx\" target=\"_blank\" rel=\"noreferrer noopener\"><img decoding=\"async\" src=\"https:\/\/mediatheque.villejuif.fr\/Default\/basicimagedownload.ashx?repositoryId=1&amp;itemId=8542\" alt=\"\" title=\"Source: site de la m\u00e9diath\u00e8que Elsa-Triolet\"\/><\/a><\/figure>\n\n\n\n<h3 class=\"wp-block-heading\">Librairie Points Communs<\/h3>\n\n\n\n<p>Une librairie associative, avec des libraires passionn\u00e9es, voil\u00e0 pourquoi il est indispensable de la conna\u00eetre!<\/p>\n\n\n\n<figure class=\"wp-block-image size-large\"><a href=\"https:\/\/librairiepointscommuns.com\/\" target=\"_blank\" rel=\"noreferrer noopener\"><img decoding=\"async\" src=\"https:\/\/librairiepointscommuns.com\/client\/gfx\/photos\/contenu\/lecture-ete_107072.jpg\" alt=\"\"\/><\/a><\/figure>\n","protected":false},"excerpt":{"rendered":"<p>Th\u00e9\u00e2tre Romain-Rolland A la fois th\u00e9\u00e2tre et cin\u00e9ma, le TRR est un lieu incontournable \u00e0 Villejuif. Cliquez sur l&rsquo;image pour d\u00e9couvrir la programmation et les infos pratiques: La m\u00e9diath\u00e8que Elsa-Triolet Ouverte tous les jours, sauf le lundi et le dimanche, elle propose de nombreuses animations et ateliers, parfois m\u00eame des spectacles. Chacun peut y emprunter [&hellip;]<\/p>\n","protected":false},"author":1,"featured_media":0,"parent":2,"menu_order":0,"comment_status":"closed","ping_status":"closed","template":"","meta":{"footnotes":""},"class_list":["post-659","page","type-page","status-publish","hentry"],"_links":{"self":[{"href":"https:\/\/www.collegejeanlurcat.com\/site\/wp-json\/wp\/v2\/pages\/659","targetHints":{"allow":["GET"]}}],"collection":[{"href":"https:\/\/www.collegejeanlurcat.com\/site\/wp-json\/wp\/v2\/pages"}],"about":[{"href":"https:\/\/www.collegejeanlurcat.com\/site\/wp-json\/wp\/v2\/types\/page"}],"author":[{"embeddable":true,"href":"https:\/\/www.collegejeanlurcat.com\/site\/wp-json\/wp\/v2\/users\/1"}],"replies":[{"embeddable":true,"href":"https:\/\/www.collegejeanlurcat.com\/site\/wp-json\/wp\/v2\/comments?post=659"}],"version-history":[{"count":2,"href":"https:\/\/www.collegejeanlurcat.com\/site\/wp-json\/wp\/v2\/pages\/659\/revisions"}],"predecessor-version":[{"id":662,"href":"https:\/\/www.collegejeanlurcat.com\/site\/wp-json\/wp\/v2\/pages\/659\/revisions\/662"}],"up":[{"embeddable":true,"href":"https:\/\/www.collegejeanlurcat.com\/site\/wp-json\/wp\/v2\/pages\/2"}],"wp:attachment":[{"href":"https:\/\/www.collegejeanlurcat.com\/site\/wp-json\/wp\/v2\/media?parent=659"}],"curies":[{"name":"wp","href":"https:\/\/api.w.org\/{rel}","templated":true}]}}