{"id":78,"date":"2022-09-05T14:35:46","date_gmt":"2022-09-05T14:35:46","guid":{"rendered":"https:\/\/www.collegejeanlurcat.com\/site\/?page_id=78"},"modified":"2023-10-25T15:20:18","modified_gmt":"2023-10-25T15:20:18","slug":"fse","status":"publish","type":"page","link":"https:\/\/www.collegejeanlurcat.com\/site\/fse\/","title":{"rendered":"FSE"},"content":{"rendered":"\n<div class=\"wp-block-columns alignfull has-text-color has-background is-layout-flex wp-container-core-columns-is-layout-28f84493 wp-block-columns-is-layout-flex\" style=\"color:#000000;background-color:#ffffff\">\n<div class=\"wp-block-column is-layout-flow wp-block-column-is-layout-flow\">\n<h3 class=\"wp-block-heading\" style=\"font-size:24px;line-height:1.3\"><strong><a href=\"https:\/\/www.collegejeanlurcat.com\/site\/fse\/fse-2023-2024-les-clubs\/\" target=\"_blank\" rel=\"noreferrer noopener\">Les clubs \u2197<\/a><\/strong><\/h3>\n\n\n\n<p>Les clubs du FSE peuvent \u00eatre propos\u00e9s par les \u00e9l\u00e8ves ou les enseignants, sur la pause m\u00e9ridienne, ou non.<\/p>\n\n\n\n<p><\/p>\n<\/div>\n\n\n\n<div class=\"wp-block-column is-layout-flow wp-block-column-is-layout-flow\">\n<h3 class=\"wp-block-heading\" style=\"font-size:24px;line-height:1.3\"><strong><a rel=\"noreferrer noopener\" href=\"https:\/\/www.collegejeanlurcat.com\/site\/fse\/fse-2023-2024-les-sorties\/\" target=\"_blank\">Les sorties<\/a><a href=\"https:\/\/www.collegejeanlurcat.com\/site\/2023\/10\/25\/fse-2023-2024-le-musee-des-arts-et-metiers\/\" target=\"_blank\" rel=\"noreferrer noopener\">\u2197<\/a><\/strong><\/h3>\n\n\n\n<p>Les diff\u00e9rentes sorties organis\u00e9es par le FSE, c&rsquo;est par ici!<\/p>\n<\/div>\n\n\n\n<div class=\"wp-block-column is-layout-flow wp-block-column-is-layout-flow\">\n<h3 class=\"wp-block-heading\" style=\"font-size:24px;line-height:1.3\"><strong>Infos utiles \u2197<\/strong><\/h3>\n\n\n\n<p>D\u00e9couvrez nos compte-rendus de r\u00e9union:<\/p>\n\n\n\n<div data-wp-interactive=\"core\/file\" class=\"wp-block-file\"><object data-wp-bind--hidden=\"!state.hasPdfPreview\" hidden class=\"wp-block-file__embed\" data=\"https:\/\/www.collegejeanlurcat.com\/site\/wp-content\/uploads\/2023\/10\/FSE_CR_27.09.23.pdf\" type=\"application\/pdf\" style=\"width:100%;height:600px\" aria-label=\"Contenu embarqu\u00e9 FSE_CR_27.09.23.\"><\/object><a id=\"wp-block-file--media-93445df1-1d10-4866-98c2-6c7c32ec0881\" href=\"https:\/\/www.collegejeanlurcat.com\/site\/wp-content\/uploads\/2023\/10\/FSE_CR_27.09.23.pdf\">FSE_CR_27.09.23<\/a><a href=\"https:\/\/www.collegejeanlurcat.com\/site\/wp-content\/uploads\/2023\/10\/FSE_CR_27.09.23.pdf\" class=\"wp-block-file__button wp-element-button\" download aria-describedby=\"wp-block-file--media-93445df1-1d10-4866-98c2-6c7c32ec0881\">T\u00e9l\u00e9charger<\/a><\/div>\n<\/div>\n<\/div>\n\n\n\n<h3 class=\"wp-block-heading\" style=\"font-size:24px;line-height:1.3\"><strong>Les sorties<\/strong><\/h3>\n\n\n\n<p>En suivant les liens, d\u00e9couvrez les sorties organis\u00e9es cette ann\u00e9e, 2022-2023<\/p>\n\n\n\n<p><a href=\"https:\/\/www.collegejeanlurcat.com\/site\/2023\/02\/15\/les-antiquites-egyptiennes-au-louvre\/\" data-type=\"URL\" data-id=\"https:\/\/www.collegejeanlurcat.com\/site\/2023\/02\/15\/les-antiquites-egyptiennes-au-louvre\/\" target=\"_blank\" rel=\"noreferrer noopener\">Mus\u00e9e du Louvre, f\u00e9vrier 2023<\/a><\/p>\n\n\n\n<h3 class=\"wp-block-heading\" style=\"font-size:24px;line-height:1.3\"><strong>Les activit\u00e9s au coll\u00e8ge<\/strong><\/h3>\n\n\n\n<p>A venir: vente de T-shirt, choix de l&rsquo;animal totem, logo, organisation de la prochaine tombola&#8230;<\/p>\n\n\n\n<h4 class=\"wp-block-heading\">Club jeux 2022-2023<\/h4>\n\n\n\n<p>Chaque mardi, nous d\u00e9couvrons des jeux de soci\u00e9t\u00e9 dans la salle du FSE: v\u00e9lonimo, skull, le saboteur, quarto, skyjo&#8230;<\/p>\n\n\n\n<h4 class=\"wp-block-heading\">Remises des bulletins 2022-2023<\/h4>\n\n\n\n<p>A l&rsquo;occasion des <strong>remises des bulletins<\/strong>, nous avons organis\u00e9 une tombola o\u00f9 chaque ticket \u00e9tait gagnant.<\/p>\n\n\n\n<h4 class=\"wp-block-heading\">Inscriptions 6e juin 2023<\/h4>\n\n\n\n<p>Vente de t-shirts le samedi 17 juin \u00e0 l&rsquo;occasion de la premi\u00e8re demi-journ\u00e9e d&rsquo;inscription de nos futurs 6e<\/p>\n\n\n\n<h3 class=\"wp-block-heading\" style=\"font-size:24px;line-height:1.3\"><strong>Les statuts, les assembl\u00e9es<\/strong><\/h3>\n\n\n\n<h4 class=\"wp-block-heading\">Assembl\u00e9es g\u00e9n\u00e9rales<\/h4>\n\n\n\n<div data-wp-interactive=\"core\/file\" class=\"wp-block-file\"><object data-wp-bind--hidden=\"!state.hasPdfPreview\" hidden class=\"wp-block-file__embed\" data=\"https:\/\/www.collegejeanlurcat.com\/site\/wp-content\/uploads\/2023\/06\/2022_10_19_AG_FSE_V2.pdf\" type=\"application\/pdf\" style=\"width:100%;height:200px\" aria-label=\"Contenu embarqu\u00e9 2022_10_19_AG_FSE_V2.\"><\/object><a id=\"wp-block-file--media-7aeb40d6-6cec-4f22-bb3a-c5e33e3c3b19\" href=\"https:\/\/www.collegejeanlurcat.com\/site\/wp-content\/uploads\/2023\/06\/2022_10_19_AG_FSE_V2.pdf\">2022_10_19_AG_FSE_V2<\/a><a href=\"https:\/\/www.collegejeanlurcat.com\/site\/wp-content\/uploads\/2023\/06\/2022_10_19_AG_FSE_V2.pdf\" class=\"wp-block-file__button wp-element-button\" download aria-describedby=\"wp-block-file--media-7aeb40d6-6cec-4f22-bb3a-c5e33e3c3b19\">T\u00e9l\u00e9charger<\/a><\/div>\n","protected":false},"excerpt":{"rendered":"<p>Les clubs \u2197 Les clubs du FSE peuvent \u00eatre propos\u00e9s par les \u00e9l\u00e8ves ou les enseignants, sur la pause m\u00e9ridienne, ou non. Les sorties\u2197 Les diff\u00e9rentes sorties organis\u00e9es par le FSE, c&rsquo;est par ici! Infos utiles \u2197 D\u00e9couvrez nos compte-rendus de r\u00e9union: Les sorties En suivant les liens, d\u00e9couvrez les sorties organis\u00e9es cette ann\u00e9e, 2022-2023 [&hellip;]<\/p>\n","protected":false},"author":1,"featured_media":0,"parent":0,"menu_order":0,"comment_status":"closed","ping_status":"closed","template":"","meta":{"footnotes":""},"class_list":["post-78","page","type-page","status-publish","hentry"],"_links":{"self":[{"href":"https:\/\/www.collegejeanlurcat.com\/site\/wp-json\/wp\/v2\/pages\/78","targetHints":{"allow":["GET"]}}],"collection":[{"href":"https:\/\/www.collegejeanlurcat.com\/site\/wp-json\/wp\/v2\/pages"}],"about":[{"href":"https:\/\/www.collegejeanlurcat.com\/site\/wp-json\/wp\/v2\/types\/page"}],"author":[{"embeddable":true,"href":"https:\/\/www.collegejeanlurcat.com\/site\/wp-json\/wp\/v2\/users\/1"}],"replies":[{"embeddable":true,"href":"https:\/\/www.collegejeanlurcat.com\/site\/wp-json\/wp\/v2\/comments?post=78"}],"version-history":[{"count":5,"href":"https:\/\/www.collegejeanlurcat.com\/site\/wp-json\/wp\/v2\/pages\/78\/revisions"}],"predecessor-version":[{"id":764,"href":"https:\/\/www.collegejeanlurcat.com\/site\/wp-json\/wp\/v2\/pages\/78\/revisions\/764"}],"wp:attachment":[{"href":"https:\/\/www.collegejeanlurcat.com\/site\/wp-json\/wp\/v2\/media?parent=78"}],"curies":[{"name":"wp","href":"https:\/\/api.w.org\/{rel}","templated":true}]}}